{"id":23,"date":"2011-11-01T16:07:09","date_gmt":"2011-11-01T16:07:09","guid":{"rendered":"http:\/\/www.demenagementca.com\/?page_id=23"},"modified":"2016-01-23T15:58:48","modified_gmt":"2016-01-23T20:58:48","slug":"contact-us","status":"publish","type":"page","link":"https:\/\/demenagementca.com\/en\/contact-us\/","title":{"rendered":"Contact Us"},"content":{"rendered":"<h1>Contact<\/h1>\n<div class=\"carteAdresse\">\n<h2>D\u00e9m\u00e9nagement C.A.<\/h2>\n<p><strong>Office and store<\/strong><br \/>\n641-A, Chemin de la Grande-C\u00f4te<br \/>\nBoisbriand, Quebec<br \/>\nJ7G 3K7<\/p>\n<p><strong>Warehouse<\/strong><br \/>\n1200, rue de Royan<br \/>\nLaval, Qu\u00e9bec<br \/>\nH7N 6E7<\/p>\n<p>Office : (450) 668-5203<br \/>\n<span style=\"color: red;\"> Office : (514) 668-5203<\/span><br \/>\nFax : (450) 667-9914<br \/>\nToll free : (800) 668-5203<br \/>\nPlease send your message to <a href=\"mailto:info@cademenagement.com\">info@cademenagement.com<\/a>. Thank you.\n<\/div>\n<div class=\"carteAdresse\">\n<strong>Office and store<\/strong><br \/>\n<iframe loading=\"lazy\" src=\"https:\/\/www.google.com\/maps\/embed?pb=!1m18!1m12!1m3!1d5319.335332315943!2d-73.84341125009637!3d45.59382815323689!2m3!1f0!2f0!3f0!3m2!1i1024!2i768!4f13.1!3m3!1m2!1s0x4cc925df6147866f%3A0x24ae67016d2aaa2c!2s641+Chemin+de+la+Grande-C%C3%B4te%2C+Boisbriand%2C+QC+J0N!5e0!3m2!1sen!2sca!4v1453582399718\" width=\"400\" height=\"300\" frameborder=\"0\" style=\"border:0\" allowfullscreen><\/iframe><br \/>\n<small><a style=\"color: #0000ff; text-align: left;\" href=\"https:\/\/www.google.ca\/maps\/place\/641+Chemin+de+la+Grande-C\u00f4te,+Boisbriand,+QC+J0N\/\" target=\"_blank\">Open this map<\/a><\/small><br \/>\n<strong>Warehouse<\/strong><br \/>\n<iframe loading=\"lazy\" src=\"https:\/\/www.google.com\/maps\/embed?pb=!1m18!1m12!1m3!1d2793.426599087245!2d-73.71210338417809!3d45.5618592349423!2m3!1f0!2f0!3f0!3m2!1i1024!2i768!4f13.1!3m3!1m2!1s0x4cc9223c418b0f3f%3A0xbd112af6fff65db1!2zRMOpbcOpbmFnZW1lbnQgQ0E!5e0!3m2!1sen!2sca!4v1453581277233\" width=\"400\" height=\"300\" frameborder=\"0\" style=\"border:0\" allowfullscreen><\/iframe><br \/>\n<small><a style=\"color: #0000ff; text-align: left;\" href=\"https:\/\/www.google.ca\/maps\/place\/1200+de+royan,+Laval,+QC\/\" target=\"_blank\">Open this map<\/a><\/small>\n<\/div>\n<div style=\"clear: both;\"><\/div>\n","protected":false},"excerpt":{"rendered":"<p>Contact D\u00e9m\u00e9nagement C.A. Office and store 641-A, Chemin de la Grande-C\u00f4te Boisbriand, Quebec J7G 3K7 Warehouse 1200, rue de Royan Laval, Qu\u00e9bec H7N 6E7 Office : (450) 668-5203 Office : (514) 668-5203 Fax : (450) 667-9914 Toll free : (800) 668-5203 Please send your message to info@cademenagement.com. Thank you. Office and store Open this map [&hellip;]<\/p>\n","protected":false},"author":11,"featured_media":0,"parent":0,"menu_order":0,"comment_status":"open","ping_status":"open","template":"slider-page.php","meta":{"iawp_total_views":125},"_links":{"self":[{"href":"https:\/\/demenagementca.com\/en\/wp-json\/wp\/v2\/pages\/23"}],"collection":[{"href":"https:\/\/demenagementca.com\/en\/wp-json\/wp\/v2\/pages"}],"about":[{"href":"https:\/\/demenagementca.com\/en\/wp-json\/wp\/v2\/types\/page"}],"author":[{"embeddable":true,"href":"https:\/\/demenagementca.com\/en\/wp-json\/wp\/v2\/users\/11"}],"replies":[{"embeddable":true,"href":"https:\/\/demenagementca.com\/en\/wp-json\/wp\/v2\/comments?post=23"}],"version-history":[{"count":0,"href":"https:\/\/demenagementca.com\/en\/wp-json\/wp\/v2\/pages\/23\/revisions"}],"wp:attachment":[{"href":"https:\/\/demenagementca.com\/en\/wp-json\/wp\/v2\/media?parent=23"}],"curies":[{"name":"wp","href":"https:\/\/api.w.org\/{rel}","templated":true}]}}